{"id":73,"date":"2023-01-02T19:32:18","date_gmt":"2023-01-02T19:32:18","guid":{"rendered":"https:\/\/kinderarzt-dresden.de\/?page_id=73"},"modified":"2025-08-22T09:12:19","modified_gmt":"2025-08-22T09:12:19","slug":"lage-und-anfahrt","status":"publish","type":"page","link":"https:\/\/kinderarzt-dresden.de\/?page_id=73","title":{"rendered":"Kontakt \/ Anfahrt"},"content":{"rendered":"\n<div class=\"wp-block-columns is-layout-flex wp-container-core-columns-is-layout-9d6595d7 wp-block-columns-is-layout-flex\">\n<div class=\"wp-block-column is-layout-flow wp-block-column-is-layout-flow\">\n<p><\/p>\n\n\n\n<p class=\"has-text-align-center\"><strong>Goethestrasse 18 (Villa Gesundbrunnen)<br>01109 Dresden-Klotzsche<br>Telefon: 0351 &#8211; 880 51 59<br>Fax: 0351 &#8211; 889 27 72<\/strong><br><strong>eMail: info@kinderarzt-dresden.de<\/strong><br><\/p>\n\n\n\n<p class=\"has-text-align-center\">Termine nach Vereinbarung, alle Kassen<\/p>\n<\/div>\n\n\n\n<div class=\"wp-block-column is-layout-flow wp-block-column-is-layout-flow\"><div class=\"wp-block-image\">\n<figure class=\"aligncenter size-large is-resized\"><img loading=\"lazy\" decoding=\"async\" width=\"970\" height=\"1024\" src=\"https:\/\/kinderarzt-dresden.de\/wp-content\/uploads\/2023\/01\/Villa-Gesundbrunnen-weiss-970x1024.jpg\" alt=\"\" class=\"wp-image-120\" style=\"width:128px;height:135px\" srcset=\"https:\/\/kinderarzt-dresden.de\/wp-content\/uploads\/2023\/01\/Villa-Gesundbrunnen-weiss-970x1024.jpg 970w, https:\/\/kinderarzt-dresden.de\/wp-content\/uploads\/2023\/01\/Villa-Gesundbrunnen-weiss-284x300.jpg 284w, https:\/\/kinderarzt-dresden.de\/wp-content\/uploads\/2023\/01\/Villa-Gesundbrunnen-weiss-768x811.jpg 768w, https:\/\/kinderarzt-dresden.de\/wp-content\/uploads\/2023\/01\/Villa-Gesundbrunnen-weiss.jpg 1014w\" sizes=\"auto, (max-width: 970px) 100vw, 970px\" \/><\/figure>\n<\/div><\/div>\n<\/div>\n\n\n\n<p>Die Praxis finden Sie im \u00c4rztehaus &#8222;Villa Gesundbrunnen&#8220; in Dresden Klotzsche. In der Praxis arbeiten wir als Praxisgemeinschaft f\u00fcr Kinder- und Jugendmedizin zusammen mit <a href=\"https:\/\/kinderarztpraxis-klotzsche.de\/\" target=\"_blank\" rel=\"noreferrer noopener\">Dr. Ermisch Forti<\/a>. <br>Im Haus gibt es au\u00dferdem eine Allgemein\u00e4rztin (<a rel=\"noreferrer noopener\" href=\"https:\/\/hausarztpraxis-reichelt.de\/\" target=\"_blank\">Dr. Doreen Reichelt<\/a>), drei Psychotherapie-Praxen (<a rel=\"noreferrer noopener\" href=\"https:\/\/verhaltenstherapie-praxis-dresden.de\/\" target=\"_blank\">Dr. Claudia Hanke<\/a>, <a rel=\"noreferrer noopener\" href=\"https:\/\/praxis-santel.de\/Dr-Stephanie-Santel\" target=\"_blank\">Dr. Stephanie Santel<\/a> und <a rel=\"noreferrer noopener\" href=\"http:\/\/www.praxis-mordt-stoll.de\/\" target=\"_blank\">Anett Mordt-Stoll<\/a>), eine Praxis f\u00fcr Logop\u00e4die (Anke Clemenz-Koch) und eine Praxis f\u00fcr Ergotherapie (<a rel=\"noreferrer noopener\" href=\"https:\/\/www.ergotherapie-gratzl.de\/team\" target=\"_blank\">Micha Gratzl<\/a>).<\/p>\n\n\n\n<p>Anfahrt mit \u00f6ffentlichen Verkehrsmitteln siehe <a href=\"http:\/\/www.dvb.de\/de\/Startseite\/\" target=\"_blank\" rel=\"noreferrer noopener\">http:\/\/www.dvb.de\/de\/Startseite\/<\/a><\/p>\n\n\n\n<p>Stra\u00dfenbahn Linie 7 (Haltestelle &#8222;Zur neuen Br\u00fccke&#8220; oder &#8222;K\u00e4the-Kollwitz-Platz&#8220;)<br>Bus Linie 70,72,80 (Haltestelle &#8222;Zur neuen Br\u00fccke&#8220; oder &#8222;K\u00e4the-Kollwitz-Platz&#8220;)<br>S-Bahn: S2 (Bahnhof Dresden-Klotzsche)<\/p>\n\n\n<div class=\"wp-block-image\">\n<figure class=\"aligncenter size-full\"><img loading=\"lazy\" decoding=\"async\" width=\"960\" height=\"720\" src=\"https:\/\/kinderarzt-dresden.de\/wp-content\/uploads\/2023\/01\/Lageplan-Praxis.jpg\" alt=\"\" class=\"wp-image-214\" title=\"Lage und Anfahrt\" srcset=\"https:\/\/kinderarzt-dresden.de\/wp-content\/uploads\/2023\/01\/Lageplan-Praxis.jpg 960w, https:\/\/kinderarzt-dresden.de\/wp-content\/uploads\/2023\/01\/Lageplan-Praxis-300x225.jpg 300w, https:\/\/kinderarzt-dresden.de\/wp-content\/uploads\/2023\/01\/Lageplan-Praxis-768x576.jpg 768w\" sizes=\"auto, (max-width: 960px) 100vw, 960px\" \/><\/figure>\n<\/div>","protected":false},"excerpt":{"rendered":"<p>Goethestrasse 18 (Villa Gesundbrunnen)01109 Dresden-KlotzscheTelefon: 0351 &#8211; 880 51 59Fax: 0351 &#8211; 889 27 72eMail: info@kinderarzt-dresden.de Termine nach Vereinbarung, alle Kassen Die Praxis finden Sie im \u00c4rztehaus &#8222;Villa Gesundbrunnen&#8220; in &#8230;<\/p>\n","protected":false},"author":1,"featured_media":0,"parent":0,"menu_order":0,"comment_status":"closed","ping_status":"closed","template":"","meta":{"ngg_post_thumbnail":0,"footnotes":""},"class_list":["post-73","page","type-page","status-publish","hentry"],"_links":{"self":[{"href":"https:\/\/kinderarzt-dresden.de\/index.php?rest_route=\/wp\/v2\/pages\/73","targetHints":{"allow":["GET"]}}],"collection":[{"href":"https:\/\/kinderarzt-dresden.de\/index.php?rest_route=\/wp\/v2\/pages"}],"about":[{"href":"https:\/\/kinderarzt-dresden.de\/index.php?rest_route=\/wp\/v2\/types\/page"}],"author":[{"embeddable":true,"href":"https:\/\/kinderarzt-dresden.de\/index.php?rest_route=\/wp\/v2\/users\/1"}],"replies":[{"embeddable":true,"href":"https:\/\/kinderarzt-dresden.de\/index.php?rest_route=%2Fwp%2Fv2%2Fcomments&post=73"}],"version-history":[{"count":16,"href":"https:\/\/kinderarzt-dresden.de\/index.php?rest_route=\/wp\/v2\/pages\/73\/revisions"}],"predecessor-version":[{"id":476,"href":"https:\/\/kinderarzt-dresden.de\/index.php?rest_route=\/wp\/v2\/pages\/73\/revisions\/476"}],"wp:attachment":[{"href":"https:\/\/kinderarzt-dresden.de\/index.php?rest_route=%2Fwp%2Fv2%2Fmedia&parent=73"}],"curies":[{"name":"wp","href":"https:\/\/api.w.org\/{rel}","templated":true}]}}