{"id":461,"date":"2025-11-22T10:59:13","date_gmt":"2025-11-22T10:59:13","guid":{"rendered":"https:\/\/kinderarzt-dresden.de\/?page_id=461"},"modified":"2026-03-30T14:13:08","modified_gmt":"2026-03-30T14:13:08","slug":"sprechzeiten","status":"publish","type":"page","link":"https:\/\/kinderarzt-dresden.de\/?page_id=461","title":{"rendered":"Sprechzeiten"},"content":{"rendered":"\n<figure class=\"wp-block-table\"><table><tbody><tr><td><strong>Sprechzeiten<\/strong><\/td><td class=\"has-text-align-center\" data-align=\"center\"><strong>vormittags<\/strong><\/td><td class=\"has-text-align-center\" data-align=\"center\"><strong>nachmittags<\/strong><\/td><\/tr><tr><td>Montag<\/td><td class=\"has-text-align-center\" data-align=\"center\">7:45 &#8211; 11:45 Uhr<\/td><td class=\"has-text-align-center\" data-align=\"center\">keine *<\/td><\/tr><tr><td>Dienstag<\/td><td class=\"has-text-align-center\" data-align=\"center\">7:45 &#8211; 11:45 Uhr<\/td><td class=\"has-text-align-center\" data-align=\"center\">15:00 &#8211; 17:00 Uhr<\/td><\/tr><tr><td>Mittwoch<\/td><td class=\"has-text-align-center\" data-align=\"center\">7:45 &#8211; 11:45 Uhr<\/td><td class=\"has-text-align-center\" data-align=\"center\">keine *<\/td><\/tr><tr><td>Donnerstag<\/td><td class=\"has-text-align-center\" data-align=\"center\">7:45 &#8211; 11:45 Uhr<\/td><td class=\"has-text-align-center\" data-align=\"center\">15:00 &#8211; 17:00 Uhr<\/td><\/tr><tr><td>Freitag<\/td><td class=\"has-text-align-center\" data-align=\"center\">7:45 &#8211; 11:45 Uhr<\/td><td class=\"has-text-align-center\" data-align=\"center\">KV-Notdienst, Tel.: 116 117<\/td><\/tr><\/tbody><\/table><\/figure>\n\n\n\n<p>Sowie nach Vereinbarung<\/p>\n\n\n\n<p>* Mo u. Mi nachmittags Vertretung durch <a href=\"https:\/\/kinderarztpraxis-klotzsche.de\/\" target=\"_blank\" rel=\"noreferrer noopener\">Dr. Ermisch Forti<\/a> in unserer Praxisgemeinschaft.<\/p>\n\n\n\n<p>Kinder\u00e4rztliche Hilfe au\u00dferhalb der Sprechzeiten t\u00e4glich 19-22 Uhr, Mittwoch und Freitag schon ab 15 Uhr, am Wochenende und an Feiertagen von 8-22 Uhr beim kassen\u00e4rztlichen Notdienst in der <a href=\"https:\/\/www.kvs-sachsen.de\/buerger\/bereitschaftspraxen-und-sprechstunden-in-ihrer-region\/#c8418627\" target=\"_blank\" rel=\"noreferrer noopener\">KV-Ambulanz<\/a>, <strong>Kinder\u00e4rztliche Bereitschaftspraxis am Universit\u00e4tsklinikum Dresden<\/strong>, Haus 21, Fetscherstr. 74, 01307 Dresden (Gel\u00e4nde der Uni-Klinik) <strong>Tel.: <a href=\"https:\/\/www.kvs-sachsen.de\/buerger\/aerztlicher-bereitschaftsdienst\/\" target=\"_blank\" rel=\"noreferrer noopener\">116 117<\/a><\/strong>.<br>Nachts in den Notaufnahmen der Kinderkliniken der <a href=\"https:\/\/www.uniklinikum-dresden.de\/de\/das-klinikum\/kliniken-polikliniken-institute\/kik\/patienteninfo\/notfallnummern\/notfallnummern\" target=\"_blank\" rel=\"noreferrer noopener\">Universit\u00e4t-Klinik<\/a> oder des <a href=\"https:\/\/www.klinikum-dresden.de\/Kliniken_Br%C3%BCckenseiten\/Kinder_+und+Jugendmedizin+%28Neustadt_Trachau%29-p-763.html\" target=\"_blank\" rel=\"noreferrer noopener\">St\u00e4dtisches Klinikums<\/a><br><strong>In einem lebensbedrohlichen Notfall w\u00e4hlen Sie bitte die 112.<\/strong><\/p>\n\n\n\n<p><\/p>\n","protected":false},"excerpt":{"rendered":"<p>Sprechzeiten vormittags nachmittags Montag 7:45 &#8211; 11:45 Uhr keine * Dienstag 7:45 &#8211; 11:45 Uhr 15:00 &#8211; 17:00 Uhr Mittwoch 7:45 &#8211; 11:45 Uhr keine * Donnerstag 7:45 &#8211; 11:45 &#8230;<\/p>\n","protected":false},"author":1,"featured_media":0,"parent":0,"menu_order":0,"comment_status":"closed","ping_status":"closed","template":"","meta":{"ngg_post_thumbnail":0,"footnotes":""},"class_list":["post-461","page","type-page","status-publish","hentry"],"_links":{"self":[{"href":"https:\/\/kinderarzt-dresden.de\/index.php?rest_route=\/wp\/v2\/pages\/461","targetHints":{"allow":["GET"]}}],"collection":[{"href":"https:\/\/kinderarzt-dresden.de\/index.php?rest_route=\/wp\/v2\/pages"}],"about":[{"href":"https:\/\/kinderarzt-dresden.de\/index.php?rest_route=\/wp\/v2\/types\/page"}],"author":[{"embeddable":true,"href":"https:\/\/kinderarzt-dresden.de\/index.php?rest_route=\/wp\/v2\/users\/1"}],"replies":[{"embeddable":true,"href":"https:\/\/kinderarzt-dresden.de\/index.php?rest_route=%2Fwp%2Fv2%2Fcomments&post=461"}],"version-history":[{"count":22,"href":"https:\/\/kinderarzt-dresden.de\/index.php?rest_route=\/wp\/v2\/pages\/461\/revisions"}],"predecessor-version":[{"id":564,"href":"https:\/\/kinderarzt-dresden.de\/index.php?rest_route=\/wp\/v2\/pages\/461\/revisions\/564"}],"wp:attachment":[{"href":"https:\/\/kinderarzt-dresden.de\/index.php?rest_route=%2Fwp%2Fv2%2Fmedia&parent=461"}],"curies":[{"name":"wp","href":"https:\/\/api.w.org\/{rel}","templated":true}]}}