{"id":41,"date":"2023-01-02T17:14:20","date_gmt":"2023-01-02T17:14:20","guid":{"rendered":"https:\/\/kinderarzt-dresden.de\/?page_id=41"},"modified":"2026-03-30T14:13:33","modified_gmt":"2026-03-30T14:13:33","slug":"willkommen-auf-https-kinderarzt-dresden-de","status":"publish","type":"page","link":"https:\/\/kinderarzt-dresden.de\/","title":{"rendered":"Willkommen &#8230;"},"content":{"rendered":"\n<div class=\"wp-block-columns is-layout-flex wp-container-core-columns-is-layout-9d6595d7 wp-block-columns-is-layout-flex\">\n<div class=\"wp-block-column is-vertically-aligned-center is-layout-flow wp-block-column-is-layout-flow\">\n<p class=\"has-text-align-left has-small-font-size\">&#8230; auf den Info-Seiten meiner Praxis f\u00fcr Kinder- und Jugendmedizin. <br>Danke f\u00fcr Ihr Interesse!<br>Zur Verk\u00fcrzung der Wartezeiten bitte vor der Vorstellung eines Kindes in der Praxis zuerst anzurufen.<\/p>\n\n\n\n<p class=\"has-small-font-size\">Bitte immer auch die Seite <strong><mark style=\"background-color:rgba(0, 0, 0, 0)\" class=\"has-inline-color has-luminous-vivid-orange-color\"><a href=\"https:\/\/kinderarzt-dresden.de\/?page_id=454\" data-type=\"page\" data-id=\"454\">Aktuelles<\/a> <\/mark><\/strong>beachten!<\/p>\n\n\n\n<p>Die <a href=\"https:\/\/kinderarzt-dresden.de\/?page_id=461\" data-type=\"page\" data-id=\"461\">Sprechzeiten finden Sie hier<\/a><\/p>\n\n\n\n<p class=\"has-text-align-left\"><strong>Kontakt<\/strong>:    0351 &#8211; 880 51 59<\/p>\n\n\n\n<p class=\"has-text-align-left\"><strong>Anschrift<\/strong>:    <br>Goethestr. 18 (Villa Gesundbrunnen), <br>01109 Dresden-Klotzsche<\/p>\n\n\n\n<p><strong>eMail:<\/strong><br><a href=\"mailto:info@kinderarzt-dresden.de\">info@kinderarzt-dresden.de<\/a><\/p>\n<\/div>\n\n\n\n<div class=\"wp-block-column is-layout-flow wp-block-column-is-layout-flow\"><div class=\"wp-block-image\">\n<figure class=\"aligncenter size-full is-resized\"><img loading=\"lazy\" decoding=\"async\" width=\"516\" height=\"463\" src=\"https:\/\/kinderarzt-dresden.de\/wp-content\/uploads\/2023\/01\/Logo-nur-Sonne-Kopie.gif\" alt=\"\" class=\"wp-image-17\" style=\"width:141px;height:126px\"\/><\/figure>\n<\/div>\n\n<div class=\"wp-block-image\">\n<figure class=\"aligncenter size-large is-resized\"><img loading=\"lazy\" decoding=\"async\" width=\"970\" height=\"1024\" src=\"https:\/\/kinderarzt-dresden.de\/wp-content\/uploads\/2023\/01\/Villa-Gesundbrunnen-weiss-970x1024.jpg\" alt=\"\" class=\"wp-image-120\" style=\"width:122px;height:129px\" srcset=\"https:\/\/kinderarzt-dresden.de\/wp-content\/uploads\/2023\/01\/Villa-Gesundbrunnen-weiss-970x1024.jpg 970w, https:\/\/kinderarzt-dresden.de\/wp-content\/uploads\/2023\/01\/Villa-Gesundbrunnen-weiss-284x300.jpg 284w, https:\/\/kinderarzt-dresden.de\/wp-content\/uploads\/2023\/01\/Villa-Gesundbrunnen-weiss-768x811.jpg 768w, https:\/\/kinderarzt-dresden.de\/wp-content\/uploads\/2023\/01\/Villa-Gesundbrunnen-weiss.jpg 1014w\" sizes=\"auto, (max-width: 970px) 100vw, 970px\" \/><\/figure>\n<\/div><\/div>\n<\/div>\n\n\n\n<p><\/p>\n","protected":false},"excerpt":{"rendered":"<p>&#8230; auf den Info-Seiten meiner Praxis f\u00fcr Kinder- und Jugendmedizin. Danke f\u00fcr Ihr Interesse!Zur Verk\u00fcrzung der Wartezeiten bitte vor der Vorstellung eines Kindes in der Praxis zuerst anzurufen. Bitte immer &#8230;<\/p>\n","protected":false},"author":1,"featured_media":138,"parent":0,"menu_order":0,"comment_status":"closed","ping_status":"open","template":"","meta":{"ngg_post_thumbnail":0,"footnotes":""},"class_list":["post-41","page","type-page","status-publish","has-post-thumbnail","hentry"],"_links":{"self":[{"href":"https:\/\/kinderarzt-dresden.de\/index.php?rest_route=\/wp\/v2\/pages\/41","targetHints":{"allow":["GET"]}}],"collection":[{"href":"https:\/\/kinderarzt-dresden.de\/index.php?rest_route=\/wp\/v2\/pages"}],"about":[{"href":"https:\/\/kinderarzt-dresden.de\/index.php?rest_route=\/wp\/v2\/types\/page"}],"author":[{"embeddable":true,"href":"https:\/\/kinderarzt-dresden.de\/index.php?rest_route=\/wp\/v2\/users\/1"}],"replies":[{"embeddable":true,"href":"https:\/\/kinderarzt-dresden.de\/index.php?rest_route=%2Fwp%2Fv2%2Fcomments&post=41"}],"version-history":[{"count":118,"href":"https:\/\/kinderarzt-dresden.de\/index.php?rest_route=\/wp\/v2\/pages\/41\/revisions"}],"predecessor-version":[{"id":565,"href":"https:\/\/kinderarzt-dresden.de\/index.php?rest_route=\/wp\/v2\/pages\/41\/revisions\/565"}],"wp:featuredmedia":[{"embeddable":true,"href":"https:\/\/kinderarzt-dresden.de\/index.php?rest_route=\/wp\/v2\/media\/138"}],"wp:attachment":[{"href":"https:\/\/kinderarzt-dresden.de\/index.php?rest_route=%2Fwp%2Fv2%2Fmedia&parent=41"}],"curies":[{"name":"wp","href":"https:\/\/api.w.org\/{rel}","templated":true}]}}